{"id":47,"date":"2023-10-10T09:11:49","date_gmt":"2023-10-10T09:11:49","guid":{"rendered":"https:\/\/dev.kg-moelle.de\/?page_id=47"},"modified":"2025-02-11T07:51:25","modified_gmt":"2025-02-11T07:51:25","slug":"home","status":"publish","type":"page","link":"https:\/\/kg-moelle.de\/","title":{"rendered":"Home"},"content":{"rendered":"\t\t<div data-elementor-type=\"wp-page\" data-elementor-id=\"47\" class=\"elementor elementor-47\" data-elementor-post-type=\"page\">\n\t\t\t\t<div class=\"elementor-element elementor-element-38d2545 e-con-full e-flex e-con e-parent\" data-id=\"38d2545\" data-element_type=\"container\" data-e-type=\"container\">\n\t\t<div class=\"elementor-element elementor-element-bd24927 e-flex e-con-boxed e-con e-child\" data-id=\"bd24927\" data-element_type=\"container\" data-e-type=\"container\" data-settings=\"{&quot;position&quot;:&quot;absolute&quot;}\">\n\t\t\t\t\t<div class=\"e-con-inner\">\n\t\t\t\t<div class=\"elementor-element elementor-element-df28645 elementor-widget elementor-widget-image\" data-id=\"df28645\" data-element_type=\"widget\" data-e-type=\"widget\" data-widget_type=\"image.default\">\n\t\t\t\t<div class=\"elementor-widget-container\">\n\t\t\t\t\t\t\t\t\t\t\t\t\t\t\t\t<a href=\"https:\/\/kg-moelle.de\/?page_id=1251\">\n\t\t\t\t\t\t\t<img fetchpriority=\"high\" decoding=\"async\" width=\"1080\" height=\"1080\" src=\"https:\/\/kg-moelle.de\/wp-content\/uploads\/2024\/01\/kg-moelle-mitglied-werden-stoerer.png\" class=\"elementor-animation-shrink attachment-full size-full wp-image-1311\" alt=\"\" srcset=\"https:\/\/kg-moelle.de\/wp-content\/uploads\/2024\/01\/kg-moelle-mitglied-werden-stoerer.png 1080w, https:\/\/kg-moelle.de\/wp-content\/uploads\/2024\/01\/kg-moelle-mitglied-werden-stoerer-300x300.png 300w, https:\/\/kg-moelle.de\/wp-content\/uploads\/2024\/01\/kg-moelle-mitglied-werden-stoerer-1024x1024.png 1024w, https:\/\/kg-moelle.de\/wp-content\/uploads\/2024\/01\/kg-moelle-mitglied-werden-stoerer-150x150.png 150w, https:\/\/kg-moelle.de\/wp-content\/uploads\/2024\/01\/kg-moelle-mitglied-werden-stoerer-768x768.png 768w\" sizes=\"(max-width: 1080px) 100vw, 1080px\" \/>\t\t\t\t\t\t\t\t<\/a>\n\t\t\t\t\t\t\t\t\t\t\t\t\t\t\t<\/div>\n\t\t\t\t<\/div>\n\t\t\t\t\t<\/div>\n\t\t\t\t<\/div>\n\t\t\t\t<div class=\"elementor-element elementor-element-c0577e7 elementor--h-position-center elementor--v-position-middle elementor-arrows-position-inside elementor-pagination-position-inside elementor-widget elementor-widget-slides\" data-id=\"c0577e7\" data-element_type=\"widget\" data-e-type=\"widget\" data-settings=\"{&quot;autoplay_speed&quot;:4000,&quot;navigation&quot;:&quot;both&quot;,&quot;autoplay&quot;:&quot;yes&quot;,&quot;infinite&quot;:&quot;yes&quot;,&quot;transition&quot;:&quot;slide&quot;,&quot;transition_speed&quot;:500}\" data-widget_type=\"slides.default\">\n\t\t\t\t<div class=\"elementor-widget-container\">\n\t\t\t\t\t\t\t\t\t<div class=\"elementor-swiper\">\n\t\t\t\t\t<div class=\"elementor-slides-wrapper elementor-main-swiper swiper\" role=\"region\" aria-roledescription=\"carousel\" aria-label=\"Slider\" dir=\"ltr\" data-animation=\"fadeInUp\">\n\t\t\t\t<div class=\"swiper-wrapper elementor-slides\">\n\t\t\t\t\t\t\t\t\t\t<div class=\"elementor-repeater-item-e4d4525 swiper-slide\" role=\"group\" aria-roledescription=\"slide\"><div class=\"swiper-slide-bg elementor-ken-burns elementor-ken-burns--in\" role=\"img\" aria-label=\"kg-moelle-stolberg-header-bild-01-3\"><\/div><div class=\"swiper-slide-inner\" ><div class=\"swiper-slide-contents\"><\/div><\/div><\/div><div class=\"elementor-repeater-item-3d7234f swiper-slide\" role=\"group\" aria-roledescription=\"slide\"><div class=\"swiper-slide-bg elementor-ken-burns elementor-ken-burns--in\" role=\"img\" aria-label=\"kg-moelle-stolberg-header-bild-03-5\"><\/div><div class=\"swiper-slide-inner\" ><div class=\"swiper-slide-contents\"><\/div><\/div><\/div><div class=\"elementor-repeater-item-caa5416 swiper-slide\" role=\"group\" aria-roledescription=\"slide\"><div class=\"swiper-slide-bg elementor-ken-burns elementor-ken-burns--in\" role=\"img\" aria-label=\"kg-moelle-stolberg-header-bild-03-6\"><\/div><div class=\"swiper-slide-inner\" ><div class=\"swiper-slide-contents\"><\/div><\/div><\/div>\t\t\t\t<\/div>\n\t\t\t\t\t\t\t\t\t\t\t\t\t\t\t<div class=\"elementor-swiper-button elementor-swiper-button-prev\" role=\"button\" tabindex=\"0\" aria-label=\"Vorheriger Slide\">\n\t\t\t\t\t\t\t<i aria-hidden=\"true\" class=\"eicon-chevron-left\"><\/i>\t\t\t\t\t\t<\/div>\n\t\t\t\t\t\t<div class=\"elementor-swiper-button elementor-swiper-button-next\" role=\"button\" tabindex=\"0\" aria-label=\"N\u00e4chster Slide\">\n\t\t\t\t\t\t\t<i aria-hidden=\"true\" class=\"eicon-chevron-right\"><\/i>\t\t\t\t\t\t<\/div>\n\t\t\t\t\t\t\t\t\t\t\t\t\t\t\t\t<div class=\"swiper-pagination\"><\/div>\n\t\t\t\t\t\t\t\t\t\t\t\t<\/div>\n\t\t\t\t<\/div>\n\t\t\t\t\t\t\t\t<\/div>\n\t\t\t\t<\/div>\n\t\t\t\t<\/div>\n\t\t<div class=\"elementor-element elementor-element-f4a33b9 e-flex e-con-boxed e-con e-parent\" data-id=\"f4a33b9\" data-element_type=\"container\" data-e-type=\"container\">\n\t\t\t\t\t<div class=\"e-con-inner\">\n\t\t<div class=\"elementor-element elementor-element-36f42e5 e-con-full e-flex e-con e-child\" data-id=\"36f42e5\" data-element_type=\"container\" data-e-type=\"container\">\n\t\t\t\t<div class=\"elementor-element elementor-element-c98845b elementor-widget elementor-widget-heading\" data-id=\"c98845b\" data-element_type=\"widget\" data-e-type=\"widget\" data-widget_type=\"heading.default\">\n\t\t\t\t<div class=\"elementor-widget-container\">\n\t\t\t\t\t<h2 class=\"elementor-heading-title elementor-size-default\">KG M\u00f6lle e.V.<\/h2>\t\t\t\t<\/div>\n\t\t\t\t<\/div>\n\t\t\t\t<div class=\"elementor-element elementor-element-661173e elementor-widget elementor-widget-text-editor\" data-id=\"661173e\" data-element_type=\"widget\" data-e-type=\"widget\" data-widget_type=\"text-editor.default\">\n\t\t\t\t<div class=\"elementor-widget-container\">\n\t\t\t\t\t\t\t\t\t<p>Herzlich willkommen bei der KG M\u00f6lle e.V. \u2013 Ihrer Anlaufstelle f\u00fcr n\u00e4rrische Freude und ausgelassene Feierlichkeiten in Stolberg!<\/p><p>\u00a0<\/p><p>Wir freuen uns, Sie auf unserer Website begr\u00fc\u00dfen zu d\u00fcrfen, wo Sie alles \u00fcber unseren traditionsreichen Karnevalsverein erfahren k\u00f6nnen. Hier k\u00f6nnen Sie mehr \u00fcber unsere Geschichte, unsere Veranstaltungen und nat\u00fcrlich unsere tollen Mitglieder erfahren, die Jahr f\u00fcr Jahr daf\u00fcr sorgen, dass der Karneval in Stolberg unvergesslich wird.<\/p><p>\u00a0<\/p><p>St\u00f6bern Sie durch unsere Fotogalerien, um die H\u00f6hepunkte vergangener Karnevalsfeiern Revue passieren zu lassen, oder werfen Sie einen Blick auf den Veranstaltungskalender, um zu sehen, was in der n\u00e4chsten Session auf dem Programm steht. Wir laden Sie herzlich dazu ein, Mitglied zu werden und gemeinsam mit uns das bunte Treiben zu erleben, das den Karneval so besonders macht.<\/p><p>\u00a0<\/p><p>Die KG M\u00f6lle e.V. ist mehr als nur ein Verein \u2013 wir sind eine gro\u00dfe Familie, die zusammen feiert, lacht und den Karneval in Stolberg zu einem unvergesslichen Erlebnis macht. Wir hoffen, dass Sie sich auf unserer Website genauso willkommen f\u00fchlen wie bei unseren Veranstaltungen.<\/p><p>\u00a0<\/p><p>Schauen Sie regelm\u00e4\u00dfig vorbei, um auf dem Laufenden zu bleiben, und z\u00f6gern Sie nicht, uns bei Fragen oder Anliegen zu kontaktieren. Wir freuen uns auf eine tolle Zeit mit Ihnen und auf viele fr\u00f6hliche Karnevalsmomente!<\/p><p>\u00a0<\/p><p>Alaaf und herzlich willkommen bei der KG M\u00f6lle e.V.!<\/p>\t\t\t\t\t\t\t\t<\/div>\n\t\t\t\t<\/div>\n\t\t\t\t<\/div>\n\t\t<div class=\"elementor-element elementor-element-f8cfcb9 e-con-full e-flex e-con e-child\" data-id=\"f8cfcb9\" data-element_type=\"container\" data-e-type=\"container\">\n\t\t\t\t<div class=\"elementor-element elementor-element-774a7c2 elementor-widget elementor-widget-heading\" data-id=\"774a7c2\" data-element_type=\"widget\" data-e-type=\"widget\" data-widget_type=\"heading.default\">\n\t\t\t\t<div class=\"elementor-widget-container\">\n\t\t\t\t\t<h4 class=\"elementor-heading-title elementor-size-default\">FOLGT UNS!<\/h4>\t\t\t\t<\/div>\n\t\t\t\t<\/div>\n\t\t\t\t<div class=\"elementor-element elementor-element-7b0f64d elementor-widget elementor-widget-text-editor\" data-id=\"7b0f64d\" data-element_type=\"widget\" data-e-type=\"widget\" data-widget_type=\"text-editor.default\">\n\t\t\t\t<div class=\"elementor-widget-container\">\n\t\t\t\t\t\t\t\t\t<div class=\"group w-full text-token-text-primary border-b border-black\/10 gizmo:border-0 dark:border-gray-900\/50 gizmo:dark:border-0 bg-gray-50 gizmo:bg-transparent dark:bg-[#444654] gizmo:dark:bg-transparent\" data-testid=\"conversation-turn-3\"><div class=\"p-4 justify-center text-base md:gap-6 md:py-6 m-auto\"><div class=\"flex flex-1 gap-4 text-base mx-auto md:gap-6 gizmo:gap-3 gizmo:md:px-5 gizmo:lg:px-1 gizmo:xl:px-5 md:max-w-2xl lg:max-w-[38rem] gizmo:md:max-w-3xl gizmo:lg:max-w-[40rem] gizmo:xl:max-w-[48rem] xl:max-w-3xl }\"><div class=\"relative flex w-[calc(100%-50px)] flex-col gap-1 gizmo:w-full md:gap-3 lg:w-[calc(100%-115px)] agent-turn\"><div class=\"flex flex-grow flex-col gap-3 max-w-full\"><div class=\"min-h-[20px] flex flex-col items-start gap-3 whitespace-pre-wrap break-words overflow-x-auto\"><div class=\"markdown prose w-full break-words dark:prose-invert dark\"><p>Wir sind auf verschiedenen sozialen Medien pr\u00e4sent und informieren unsere Fans und Freunde regelm\u00e4\u00dfig \u00fcber Neuigkeiten und Updates.<\/p><p>\u00a0<\/p><p>Ihr k\u00f6nnt unsere Profile auf Facebook und Instagram besuchen und sie mit einem &#8222;Like&#8220; markieren, indem ihr die unten stehenden Buttons verwendet.<\/p><\/div><\/div><\/div><\/div><\/div><\/div><\/div>\t\t\t\t\t\t\t\t<\/div>\n\t\t\t\t<\/div>\n\t\t\t\t<div class=\"elementor-element elementor-element-907df5b elementor-shape-square e-grid-align-left elementor-grid-0 elementor-widget elementor-widget-social-icons\" data-id=\"907df5b\" data-element_type=\"widget\" data-e-type=\"widget\" data-widget_type=\"social-icons.default\">\n\t\t\t\t<div class=\"elementor-widget-container\">\n\t\t\t\t\t\t\t<div class=\"elementor-social-icons-wrapper elementor-grid\" role=\"list\">\n\t\t\t\t\t\t\t<span class=\"elementor-grid-item\" role=\"listitem\">\n\t\t\t\t\t<a class=\"elementor-icon elementor-social-icon elementor-social-icon-facebook elementor-repeater-item-68de8f2\" href=\"https:\/\/www.facebook.com\/people\/Karnevalsgesellschaft-M%C3%B6lle-1937-eV\/100060124669732\/\" target=\"_blank\">\n\t\t\t\t\t\t<span class=\"elementor-screen-only\">Facebook<\/span>\n\t\t\t\t\t\t<i aria-hidden=\"true\" class=\"fab fa-facebook\"><\/i>\t\t\t\t\t<\/a>\n\t\t\t\t<\/span>\n\t\t\t\t\t\t\t<span class=\"elementor-grid-item\" role=\"listitem\">\n\t\t\t\t\t<a class=\"elementor-icon elementor-social-icon elementor-social-icon-instagram elementor-repeater-item-d1b5ef0\" href=\"https:\/\/www.instagram.com\/kg_moelle_e.v\/\" target=\"_blank\">\n\t\t\t\t\t\t<span class=\"elementor-screen-only\">Instagram<\/span>\n\t\t\t\t\t\t<i aria-hidden=\"true\" class=\"fab fa-instagram\"><\/i>\t\t\t\t\t<\/a>\n\t\t\t\t<\/span>\n\t\t\t\t\t<\/div>\n\t\t\t\t\t\t<\/div>\n\t\t\t\t<\/div>\n\t\t\t\t<\/div>\n\t\t\t\t\t<\/div>\n\t\t\t\t<\/div>\n\t\t\t\t<\/div>\n\t\t","protected":false},"excerpt":{"rendered":"<p>KG M\u00f6lle e.V. Herzlich willkommen bei der KG M\u00f6lle e.V. \u2013 Ihrer Anlaufstelle f\u00fcr n\u00e4rrische Freude und ausgelassene Feierlichkeiten in Stolberg! \u00a0 Wir freuen uns, Sie auf unserer Website begr\u00fc\u00dfen zu d\u00fcrfen, wo Sie alles \u00fcber unseren traditionsreichen Karnevalsverein erfahren k\u00f6nnen. Hier k\u00f6nnen Sie mehr \u00fcber unsere Geschichte, unsere Veranstaltungen und nat\u00fcrlich unsere tollen Mitglieder [&hellip;]<\/p>\n","protected":false},"author":2,"featured_media":0,"parent":0,"menu_order":0,"comment_status":"closed","ping_status":"closed","template":"elementor_theme","meta":{"footnotes":""},"class_list":["post-47","page","type-page","status-publish","hentry"],"_links":{"self":[{"href":"https:\/\/kg-moelle.de\/index.php?rest_route=\/wp\/v2\/pages\/47","targetHints":{"allow":["GET"]}}],"collection":[{"href":"https:\/\/kg-moelle.de\/index.php?rest_route=\/wp\/v2\/pages"}],"about":[{"href":"https:\/\/kg-moelle.de\/index.php?rest_route=\/wp\/v2\/types\/page"}],"author":[{"embeddable":true,"href":"https:\/\/kg-moelle.de\/index.php?rest_route=\/wp\/v2\/users\/2"}],"replies":[{"embeddable":true,"href":"https:\/\/kg-moelle.de\/index.php?rest_route=%2Fwp%2Fv2%2Fcomments&post=47"}],"version-history":[{"count":427,"href":"https:\/\/kg-moelle.de\/index.php?rest_route=\/wp\/v2\/pages\/47\/revisions"}],"predecessor-version":[{"id":2117,"href":"https:\/\/kg-moelle.de\/index.php?rest_route=\/wp\/v2\/pages\/47\/revisions\/2117"}],"wp:attachment":[{"href":"https:\/\/kg-moelle.de\/index.php?rest_route=%2Fwp%2Fv2%2Fmedia&parent=47"}],"curies":[{"name":"wp","href":"https:\/\/api.w.org\/{rel}","templated":true}]}}